{"id":1633,"date":"2022-09-10T12:36:41","date_gmt":"2022-09-10T12:36:41","guid":{"rendered":"https:\/\/ciri.la-studioweb.com\/?page_id=1633"},"modified":"2023-10-06T22:35:17","modified_gmt":"2023-10-06T22:35:17","slug":"about","status":"publish","type":"page","link":"https:\/\/materre.az\/az\/about\/","title":{"rendered":"Haqq\u0131m\u0131zda"},"content":{"rendered":"<div data-elementor-type=\"wp-page\" data-elementor-id=\"1633\" class=\"elementor elementor-1633\">\n\t\t\t\t\t\t\t<div class=\"elementor-element elementor-element-58aeede e-flex e-con-boxed lakit-col-width-auto-no e-container e-root-container elementor-top-section e-con e-parent\" data-id=\"58aeede\" data-element_type=\"container\" data-settings=\"{&quot;background_background&quot;:&quot;classic&quot;,&quot;background_motion_fx_motion_fx_scrolling&quot;:&quot;yes&quot;,&quot;background_motion_fx_translateY_effect&quot;:&quot;yes&quot;,&quot;content_width&quot;:&quot;boxed&quot;,&quot;background_motion_fx_translateY_speed&quot;:{&quot;unit&quot;:&quot;px&quot;,&quot;size&quot;:3,&quot;sizes&quot;:[]},&quot;background_motion_fx_translateY_affectedRange&quot;:{&quot;unit&quot;:&quot;%&quot;,&quot;size&quot;:&quot;&quot;,&quot;sizes&quot;:{&quot;start&quot;:20,&quot;end&quot;:80}},&quot;background_motion_fx_devices&quot;:[&quot;mobile&quot;,&quot;mobile_extra&quot;,&quot;tablet&quot;,&quot;laptop&quot;,&quot;desktop&quot;]}\" data-core-v316-plus=\"true\">\n\t\t\t\t\t<div class=\"e-con-inner\">\n\t\t\t\t<div class=\"elementor-element elementor-element-44d1e73 elementor-widget elementor-widget-heading\" data-id=\"44d1e73\" data-element_type=\"widget\" data-widget_type=\"heading.default\">\n\t\t\t\t<div class=\"elementor-widget-container\">\n\t\t\t<style>\/*! elementor - v3.16.0 - 20-09-2023 *\/\n.elementor-heading-title{padding:0;margin:0;line-height:1}.elementor-widget-heading .elementor-heading-title[class*=elementor-size-]>a{color:inherit;font-size:inherit;line-height:inherit}.elementor-widget-heading .elementor-heading-title.elementor-size-small{font-size:15px}.elementor-widget-heading .elementor-heading-title.elementor-size-medium{font-size:19px}.elementor-widget-heading .elementor-heading-title.elementor-size-large{font-size:29px}.elementor-widget-heading .elementor-heading-title.elementor-size-xl{font-size:39px}.elementor-widget-heading .elementor-heading-title.elementor-size-xxl{font-size:59px}<\/style><h1 class=\"elementor-heading-title elementor-size-xxl\">Bizim haqq\u0131m\u0131zda<\/h1>\t\t<\/div>\n\t\t\t\t<\/div>\n\t\t\t\t\t<\/div>\n\t\t\t\t<\/div>\n\t\t<div class=\"elementor-element elementor-element-be2a19c e-flex e-con-boxed lakit-col-width-auto-no e-container e-root-container elementor-top-section e-con e-parent\" data-id=\"be2a19c\" data-element_type=\"container\" data-settings=\"{&quot;content_width&quot;:&quot;boxed&quot;}\" data-core-v316-plus=\"true\">\n\t\t\t\t\t<div class=\"e-con-inner\">\n\t\t<div class=\"elementor-element elementor-element-c3fd2fb e-con-full e-flex lakit-col-width-auto-no elementor-invisible e-container lakit-has-entrance-animation e-con e-child\" data-id=\"c3fd2fb\" data-element_type=\"container\" data-settings=\"{&quot;content_width&quot;:&quot;full&quot;,&quot;animation&quot;:&quot;lakitShortFadeInUp&quot;,&quot;animation_delay&quot;:200}\">\n\t\t\t\t<div class=\"elementor-element elementor-element-b194b9d elementor-widget elementor-widget-heading\" data-id=\"b194b9d\" data-element_type=\"widget\" data-widget_type=\"heading.default\">\n\t\t\t\t<div class=\"elementor-widget-container\">\n\t\t\t<h2 class=\"elementor-heading-title elementor-size-default\">ARZULARI YER\u0130N\u018f YET\u0130R\u0130R\u0130K\n<\/h2>\t\t<\/div>\n\t\t\t\t<\/div>\n\t\t\t\t<div class=\"elementor-element elementor-element-d1d5b5e elementor-widget elementor-widget-text-editor\" data-id=\"d1d5b5e\" data-element_type=\"widget\" data-widget_type=\"text-editor.default\">\n\t\t\t\t<div class=\"elementor-widget-container\">\n\t\t\t<style>\/*! elementor - v3.16.0 - 20-09-2023 *\/\n.elementor-widget-text-editor.elementor-drop-cap-view-stacked .elementor-drop-cap{background-color:#69727d;color:#fff}.elementor-widget-text-editor.elementor-drop-cap-view-framed .elementor-drop-cap{color:#69727d;border:3px solid;background-color:transparent}.elementor-widget-text-editor:not(.elementor-drop-cap-view-default) .elementor-drop-cap{margin-top:8px}.elementor-widget-text-editor:not(.elementor-drop-cap-view-default) .elementor-drop-cap-letter{width:1em;height:1em}.elementor-widget-text-editor .elementor-drop-cap{float:left;text-align:center;line-height:1;font-size:50px}.elementor-widget-text-editor .elementor-drop-cap-letter{display:inline-block}<\/style>\t\t\t\t<p class=\" translation-block\"><b>\"Materre\" ad\u0131 \"M\u0259nim Torpaq\" m\u0259nas\u0131n\u0131 ver\u0259n Lat\u0131n dilind\u0259n g\u0259lir. Materre Az\u0259rbaycanda yerl\u0259\u015f\u0259n mebel istehsal\u00e7\u0131s\u0131d\u0131r.<\/b><\/p><p><b>Biz g\u00f6rd\u00fcy\u00fcm\u00fcz i\u015fd\u0259n q\u00fcrur duyuruq, yerli s\u0259n\u0259tkarlarla i\u015fl\u0259y\u0259r\u0259k, h\u0259m ya\u015fay\u0131\u015f, h\u0259m d\u0259 kommersiya layih\u0259l\u0259rind\u0259 mebel dizayn\u0131na yana\u015fmaq \u00fc\u00e7\u00fcn daim yenil\u0259yir v\u0259 yeni \u00fcsullar k\u0259\u015ff edirik.\u00a0<\/b><\/p><p><b>\u0130nan\u0131r\u0131q ki, f\u0259rdi yana\u015fma b\u00fct\u00fcn dizayn n\u00f6vl\u0259rind\u0259 t\u0259tbiq oluna bil\u0259r v\u0259 \u00f6lk\u0259miz\u0259 v\u0259 onun sakinl\u0259rin\u0259 ist\u0259dikl\u0259ri h\u0259r \u015feyd\u0259 xidm\u0259t etm\u0259kd\u0259n m\u0259mnunuq. Biz \u201cm\u00fc\u015ft\u0259ri h\u0259mi\u015f\u0259 haql\u0131d\u0131r\u201d qanununa \u0259m\u0259l edirik v\u0259 etdiyimiz h\u0259r i\u015fd\u0259 \u0259limizd\u0259n g\u0259l\u0259ni etm\u0259y\u0259 \u00e7al\u0131\u015f\u0131r\u0131q. <\/b><\/p>\t\t\t\t\t\t<\/div>\n\t\t\t\t<\/div>\n\t\t\t\t<\/div>\n\t\t\t\t<div class=\"elementor-element elementor-element-716c1d1 elementor-widget__width-initial elementor-hidden-mobile_extra elementor-hidden-mobile elementor-widget elementor-widget-image\" data-id=\"716c1d1\" data-element_type=\"widget\" data-widget_type=\"image.default\">\n\t\t\t\t<div class=\"elementor-widget-container\">\n\t\t\t<style>\/*! elementor - v3.16.0 - 20-09-2023 *\/\n.elementor-widget-image{text-align:center}.elementor-widget-image a{display:inline-block}.elementor-widget-image a img[src$=\".svg\"]{width:48px}.elementor-widget-image img{vertical-align:middle;display:inline-block}<\/style>\t\t\t\t\t\t\t\t\t\t\t\t<img decoding=\"async\" loading=\"lazy\" width=\"402\" height=\"409\" src=\"https:\/\/materre.az\/wp-content\/uploads\/2023\/10\/Picture1.jpg\" class=\"attachment-large size-large wp-image-3043\" alt=\"\" \/>\t\t\t\t\t\t\t\t\t\t\t\t\t\t\t<\/div>\n\t\t\t\t<\/div>\n\t\t\t\t\t<\/div>\n\t\t\t\t<\/div>\n\t\t<div class=\"elementor-element elementor-element-d0765ab e-flex e-con-boxed lakit-col-width-auto-no e-container e-root-container elementor-top-section e-con e-parent\" data-id=\"d0765ab\" data-element_type=\"container\" data-settings=\"{&quot;background_background&quot;:&quot;classic&quot;,&quot;content_width&quot;:&quot;boxed&quot;}\" data-core-v316-plus=\"true\">\n\t\t\t\t\t<div class=\"e-con-inner\">\n\t\t<div class=\"elementor-element elementor-element-9f55960 e-con-full e-flex lakit-col-width-auto-no elementor-invisible e-container lakit-has-entrance-animation e-con e-child\" data-id=\"9f55960\" data-element_type=\"container\" data-settings=\"{&quot;content_width&quot;:&quot;full&quot;,&quot;animation&quot;:&quot;lakitShortFadeInUp&quot;,&quot;animation_delay&quot;:200}\">\n\t\t\t\t<div class=\"elementor-element elementor-element-7e9683e elementor-widget__width-initial elementor-widget elementor-widget-image\" data-id=\"7e9683e\" data-element_type=\"widget\" data-settings=\"{&quot;motion_fx_motion_fx_scrolling&quot;:&quot;yes&quot;,&quot;motion_fx_translateY_effect&quot;:&quot;yes&quot;,&quot;motion_fx_translateY_direction&quot;:&quot;negative&quot;,&quot;motion_fx_translateY_speed&quot;:{&quot;unit&quot;:&quot;px&quot;,&quot;size&quot;:2,&quot;sizes&quot;:[]},&quot;motion_fx_translateY_affectedRange&quot;:{&quot;unit&quot;:&quot;%&quot;,&quot;size&quot;:&quot;&quot;,&quot;sizes&quot;:{&quot;start&quot;:20,&quot;end&quot;:80}},&quot;motion_fx_devices&quot;:[&quot;mobile&quot;,&quot;mobile_extra&quot;,&quot;tablet&quot;,&quot;laptop&quot;,&quot;desktop&quot;]}\" data-widget_type=\"image.default\">\n\t\t\t\t<div class=\"elementor-widget-container\">\n\t\t\t\t\t\t\t\t\t\t\t\t\t\t\t<img decoding=\"async\" loading=\"lazy\" width=\"575\" height=\"718\" src=\"https:\/\/materre.az\/wp-content\/uploads\/2023\/10\/Picture2.jpg\" class=\"attachment-full size-full wp-image-3044\" alt=\"\" \/>\t\t\t\t\t\t\t\t\t\t\t\t\t\t\t<\/div>\n\t\t\t\t<\/div>\n\t\t\t\t<div class=\"elementor-element elementor-element-32edf39 elementor-widget__width-initial elementor-absolute elementor-widget elementor-widget-image\" data-id=\"32edf39\" data-element_type=\"widget\" data-settings=\"{&quot;_position&quot;:&quot;absolute&quot;,&quot;motion_fx_motion_fx_scrolling&quot;:&quot;yes&quot;,&quot;motion_fx_translateY_effect&quot;:&quot;yes&quot;,&quot;motion_fx_translateY_speed&quot;:{&quot;unit&quot;:&quot;px&quot;,&quot;size&quot;:2,&quot;sizes&quot;:[]},&quot;motion_fx_translateY_affectedRange&quot;:{&quot;unit&quot;:&quot;%&quot;,&quot;size&quot;:&quot;&quot;,&quot;sizes&quot;:{&quot;start&quot;:20,&quot;end&quot;:80}},&quot;motion_fx_devices&quot;:[&quot;mobile&quot;,&quot;mobile_extra&quot;,&quot;tablet&quot;,&quot;laptop&quot;,&quot;desktop&quot;]}\" data-widget_type=\"image.default\">\n\t\t\t\t<div class=\"elementor-widget-container\">\n\t\t\t\t\t\t\t\t\t\t\t\t\t\t\t<img decoding=\"async\" loading=\"lazy\" width=\"221\" height=\"452\" src=\"https:\/\/materre.az\/wp-content\/uploads\/2023\/10\/Screenshot-2023-10-04-204402.png\" class=\"attachment-full size-full wp-image-3045\" alt=\"\" \/>\t\t\t\t\t\t\t\t\t\t\t\t\t\t\t<\/div>\n\t\t\t\t<\/div>\n\t\t\t\t<\/div>\n\t\t<div class=\"elementor-element elementor-element-472a741 e-con-full e-flex lakit-col-width-auto-no elementor-invisible e-container lakit-has-entrance-animation e-con e-child\" data-id=\"472a741\" data-element_type=\"container\" data-settings=\"{&quot;content_width&quot;:&quot;full&quot;,&quot;animation&quot;:&quot;lakitShortFadeInUp&quot;,&quot;animation_delay&quot;:200}\">\n\t\t\t\t<div class=\"elementor-element elementor-element-6db7cf9 elementor-widget elementor-widget-heading\" data-id=\"6db7cf9\" data-element_type=\"widget\" data-widget_type=\"heading.default\">\n\t\t\t\t<div class=\"elementor-widget-container\">\n\t\t\t<h2 class=\"elementor-heading-title elementor-size-default\">Bizim i\u015fimiz<\/h2>\t\t<\/div>\n\t\t\t\t<\/div>\n\t\t\t\t<div class=\"elementor-element elementor-element-8b83c1b elementor-widget__width-initial elementor-widget elementor-widget-text-editor\" data-id=\"8b83c1b\" data-element_type=\"widget\" data-widget_type=\"text-editor.default\">\n\t\t\t\t<div class=\"elementor-widget-container\">\n\t\t\t\t\t\t\t<p class=\" translation-block\"><b>Sifari\u015fl\u0259 haz\u0131rlanm\u0131\u015f daxili mebeld\u0259n tutmu\u015f ekskl\u00fcziv dizayn elementl\u0259rin\u0259, qap\u0131lara, \u00e7\u0259r\u00e7iv\u0259l\u0259r\u0259, \u00e7arpay\u0131lara, divanlara v\u0259 daha \u00e7oxuna q\u0259d\u0259r fabrikimizd\u0259 yaratd\u0131\u011f\u0131m\u0131z m\u0259hsullar\u0131n \u0259hat\u0259 dair\u0259si var. Dizaynerl\u0259r v\u0259 konstruktorlar qrupumuz istehsal \u00fc\u00e7\u00fcn t\u0259l\u0259b olunan texniki \u00e7ertyojlar\u0131 diqq\u0259tl\u0259 haz\u0131rlay\u0131r v\u0259 sonra \u0259n yax\u015f\u0131 n\u0259tic\u0259l\u0259ri t\u0259min etm\u0259k \u00fc\u00e7\u00fcn \u015f\u0259xsi r\u0259hb\u0259rlik v\u0259 keyfiyy\u0259t\u0259 n\u0259zar\u0259t t\u0259min edir.\n<\/b><\/p><p><b>\u018flaq\u0259 saxla:<i>\u00a0<\/i><\/b><a style=\"font-family: Calibri, sans-serif; font-size: 11pt; text-align: var(--text-align); background-color: #faf8f3;\" href=\"mailto:info@materre.az\"><b><i>info@materre.az<\/i><\/b><\/a><\/p>\t\t\t\t\t\t<\/div>\n\t\t\t\t<\/div>\n\t\t\t\t<\/div>\n\t\t\t\t\t<\/div>\n\t\t\t\t<\/div>\n\t\t<div class=\"elementor-element elementor-element-7b4bfa8 e-flex e-con-boxed lakit-col-width-auto-no e-container e-root-container elementor-top-section e-con e-parent\" data-id=\"7b4bfa8\" data-element_type=\"container\" data-settings=\"{&quot;content_width&quot;:&quot;boxed&quot;}\" data-core-v316-plus=\"true\">\n\t\t\t\t\t<div class=\"e-con-inner\">\n\t\t\t\t<div class=\"elementor-element elementor-element-cdf6173 elementor-widget__width-auto elementor-invisible lakit-has-entrance-animation elementor-widget elementor-widget-heading\" data-id=\"cdf6173\" data-element_type=\"widget\" data-settings=\"{&quot;_animation&quot;:&quot;lakitShortFadeInUp&quot;,&quot;_animation_delay&quot;:200}\" data-widget_type=\"heading.default\">\n\t\t\t\t<div class=\"elementor-widget-container\">\n\t\t\t<h2 class=\"elementor-heading-title elementor-size-default\"><b>Portfolio<\/b><\/h2>\t\t<\/div>\n\t\t\t\t<\/div>\n\t\t\t\t<div class=\"elementor-element elementor-element-2272212 lakit-arrow--showonhover-no elementor-widget lastudio-kit elementor-lakit-gposts elementor-lakit-posts\" data-id=\"2272212\" data-element_type=\"widget\" data-widget_type=\"lakit-posts.default\">\n\t\t\t\t<div class=\"elementor-widget-container\">\n\t\t\t<link rel=\"stylesheet\" href=\"https:\/\/materre.f-5.az\/wp-content\/plugins\/lastudio-element-kit\/assets\/css\/addons\/posts.min.css\">\n<div id=\"lapost_2272212\" class=\"lakit-posts layout-type-grid preset-grid-1 querycpt--post lakit-posts--grid lakit-carousel\" data-item_selector=\".lakit-posts__item\" data-slider_options=\"{&quot;slidesToScroll&quot;:{&quot;desktop&quot;:&quot;1&quot;,&quot;laptop&quot;:&quot;1&quot;,&quot;tablet&quot;:&quot;1&quot;,&quot;mobile_extra&quot;:&quot;1&quot;},&quot;rows&quot;:{&quot;desktop&quot;:&quot;1&quot;,&quot;laptop&quot;:&quot;1&quot;,&quot;tablet&quot;:&quot;1&quot;,&quot;mobile_extra&quot;:&quot;1&quot;},&quot;autoplaySpeed&quot;:5000,&quot;autoplay&quot;:true,&quot;infinite&quot;:true,&quot;centerMode&quot;:false,&quot;pauseOnHover&quot;:false,&quot;pauseOnInteraction&quot;:false,&quot;reverseDirection&quot;:false,&quot;infiniteEffect&quot;:false,&quot;speed&quot;:500,&quot;arrows&quot;:true,&quot;dots&quot;:false,&quot;variableWidth&quot;:false,&quot;prevArrow&quot;:&quot;.lakit-carousel__prev-arrow-2272212&quot;,&quot;nextArrow&quot;:&quot;.lakit-carousel__next-arrow-2272212&quot;,&quot;dotsElm&quot;:&quot;.lakit-carousel__dots_2272212&quot;,&quot;rtl&quot;:false,&quot;effect&quot;:&quot;slide&quot;,&quot;coverflowEffect&quot;:{&quot;rotate&quot;:null,&quot;stretch&quot;:null,&quot;depth&quot;:null,&quot;modifier&quot;:null,&quot;scale&quot;:null},&quot;dotType&quot;:&quot;bullets&quot;,&quot;direction&quot;:&quot;horizontal&quot;,&quot;uniqueID&quot;:&quot;lakit_carousel_2272212&quot;,&quot;asFor&quot;:&quot;&quot;,&quot;autoHeight&quot;:false,&quot;scrollbar&quot;:false,&quot;slidesToShow&quot;:{&quot;desktop&quot;:&quot;3&quot;,&quot;laptop&quot;:&quot;3&quot;,&quot;tablet&quot;:&quot;3&quot;,&quot;mobile_extra&quot;:&quot;3&quot;}}\" dir=\"ltr\" ><div class=\"lakit-carousel-inner\">        <div class=\"lakit-posts__list_wrapper swiper-container\" id=\"lakit_carousel_2272212\">\n            <div class=\"lakit-posts__list swiper-wrapper\">\n            <div class=\"lakit-posts__item has-post-thumbnail cpt-post swiper-slide\">\n    <div class=\"lakit-posts__outer-box\">\n        <div class=\"lakit-posts__inner-box\">            <div class=\"post-thumbnail lakit-posts__thumbnail\">\n                <a href=\"https:\/\/materre.az\/az\/villa-shagan\/\" class=\"lakit-posts__thumbnail-link\" aria-label=\"Read more about Villa  &#8211; Shagan\"><img loading=\"lazy\" width=\"1080\" height=\"1080\" src=\"https:\/\/materre.az\/wp-content\/uploads\/2022\/09\/materre-photos-for-post.012.jpeg\" class=\"lakit-posts__thumbnail-img wp-post-image la-lazyload-image wp-post-image\" alt=\"\" decoding=\"async\" \/><\/a>\n                                \n                            <\/div>\n        <div class=\"lakit-posts__inner-content\"><div class=\"lakit-posts__inner-content-inner\"><h4 class=\"lakit-posts__title\"><a href=\"https:\/\/materre.az\/az\/villa-shagan\/\" title=\"Villa  &#8211; Shagan\" rel=\"bookmark\">Villa &#8211; Shagan<\/a><\/h4><div class=\"lakit-posts__more-wrap lakit-btn-more-wrap\"><a href=\"https:\/\/materre.az\/az\/villa-shagan\/\" class=\"elementor-button lakit-posts__btn-more lakit-btn-more\" title=\"Villa  &#8211; Shagan\" rel=\"bookmark\"><span class=\"btn__text\">Daha \u0259trafl\u0131<\/span><\/a><\/div><\/div><\/div><\/div>\n    <\/div>\n<\/div><div class=\"lakit-posts__item has-post-thumbnail cpt-post swiper-slide\">\n    <div class=\"lakit-posts__outer-box\">\n        <div class=\"lakit-posts__inner-box\">            <div class=\"post-thumbnail lakit-posts__thumbnail\">\n                <a href=\"https:\/\/materre.az\/az\/villa-buzovna\/\" class=\"lakit-posts__thumbnail-link\" aria-label=\"Read more about Villa &#8211; Buzovna\"><img loading=\"lazy\" width=\"1080\" height=\"1080\" src=\"https:\/\/materre.az\/wp-content\/uploads\/2022\/09\/post-materre-06-Feb.003.jpeg\" class=\"lakit-posts__thumbnail-img wp-post-image la-lazyload-image wp-post-image\" alt=\"\" decoding=\"async\" \/><\/a>\n                                \n                            <\/div>\n        <div class=\"lakit-posts__inner-content\"><div class=\"lakit-posts__inner-content-inner\"><h4 class=\"lakit-posts__title\"><a href=\"https:\/\/materre.az\/az\/villa-buzovna\/\" title=\"Villa &#8211; Buzovna\" rel=\"bookmark\">Villa &#8211; Buzovna<\/a><\/h4><div class=\"lakit-posts__more-wrap lakit-btn-more-wrap\"><a href=\"https:\/\/materre.az\/az\/villa-buzovna\/\" class=\"elementor-button lakit-posts__btn-more lakit-btn-more\" title=\"Villa &#8211; Buzovna\" rel=\"bookmark\"><span class=\"btn__text\">Daha \u0259trafl\u0131<\/span><\/a><\/div><\/div><\/div><\/div>\n    <\/div>\n<\/div><div class=\"lakit-posts__item has-post-thumbnail cpt-post swiper-slide\">\n    <div class=\"lakit-posts__outer-box\">\n        <div class=\"lakit-posts__inner-box\">            <div class=\"post-thumbnail lakit-posts__thumbnail\">\n                <a href=\"https:\/\/materre.az\/az\/sea-breeze-apartments\/\" class=\"lakit-posts__thumbnail-link\" aria-label=\"Read more about Sea Breeze Apartments\"><img loading=\"lazy\" width=\"1080\" height=\"1080\" src=\"https:\/\/materre.az\/wp-content\/uploads\/2022\/09\/lighthouse-kuhnya-MATERRE.001.jpeg\" class=\"lakit-posts__thumbnail-img wp-post-image la-lazyload-image wp-post-image\" alt=\"\" decoding=\"async\" \/><\/a>\n                                \n                            <\/div>\n        <div class=\"lakit-posts__inner-content\"><div class=\"lakit-posts__inner-content-inner\"><h4 class=\"lakit-posts__title\"><a href=\"https:\/\/materre.az\/az\/sea-breeze-apartments\/\" title=\"Sea Breeze Apartments\" rel=\"bookmark\">Sea Breeze Apartments<\/a><\/h4><div class=\"lakit-posts__more-wrap lakit-btn-more-wrap\"><a href=\"https:\/\/materre.az\/az\/sea-breeze-apartments\/\" class=\"elementor-button lakit-posts__btn-more lakit-btn-more\" title=\"Sea Breeze Apartments\" rel=\"bookmark\"><span class=\"btn__text\">Daha \u0259trafl\u0131<\/span><\/a><\/div><\/div><\/div><\/div>\n    <\/div>\n<\/div><div class=\"lakit-posts__item has-post-thumbnail cpt-post swiper-slide\">\n    <div class=\"lakit-posts__outer-box\">\n        <div class=\"lakit-posts__inner-box\">            <div class=\"post-thumbnail lakit-posts__thumbnail\">\n                <a href=\"https:\/\/materre.az\/az\/park-hill-white-city\/\" class=\"lakit-posts__thumbnail-link\" aria-label=\"Read more about Park Hill &#8211; White City\"><img loading=\"lazy\" width=\"1080\" height=\"1080\" src=\"https:\/\/materre.az\/wp-content\/uploads\/2022\/09\/Post-TV-stand-MATERRE.001.jpeg\" class=\"lakit-posts__thumbnail-img wp-post-image la-lazyload-image wp-post-image\" alt=\"\" decoding=\"async\" \/><\/a>\n                                \n                            <\/div>\n        <div class=\"lakit-posts__inner-content\"><div class=\"lakit-posts__inner-content-inner\"><h4 class=\"lakit-posts__title\"><a href=\"https:\/\/materre.az\/az\/park-hill-white-city\/\" title=\"Park Hill &#8211; White City\" rel=\"bookmark\">Park Hill &#8211; White City<\/a><\/h4><div class=\"lakit-posts__more-wrap lakit-btn-more-wrap\"><a href=\"https:\/\/materre.az\/az\/park-hill-white-city\/\" class=\"elementor-button lakit-posts__btn-more lakit-btn-more\" title=\"Park Hill &#8211; White City\" rel=\"bookmark\"><span class=\"btn__text\">Daha \u0259trafl\u0131<\/span><\/a><\/div><\/div><\/div><\/div>\n    <\/div>\n<\/div><div class=\"lakit-posts__item has-post-thumbnail cpt-post swiper-slide\">\n    <div class=\"lakit-posts__outer-box\">\n        <div class=\"lakit-posts__inner-box\">            <div class=\"post-thumbnail lakit-posts__thumbnail\">\n                <a href=\"https:\/\/materre.az\/az\/renessans-palace\/\" class=\"lakit-posts__thumbnail-link\" aria-label=\"Read more about Renessans Palace\"><img loading=\"lazy\" width=\"1080\" height=\"1080\" src=\"https:\/\/materre.az\/wp-content\/uploads\/2022\/09\/renessanse-holl-MATERRE.005.jpeg\" class=\"lakit-posts__thumbnail-img wp-post-image la-lazyload-image wp-post-image\" alt=\"\" decoding=\"async\" \/><\/a>\n                                \n                            <\/div>\n        <div class=\"lakit-posts__inner-content\"><div class=\"lakit-posts__inner-content-inner\"><h4 class=\"lakit-posts__title\"><a href=\"https:\/\/materre.az\/az\/renessans-palace\/\" title=\"Renessans Palace\" rel=\"bookmark\">Renessans Palace<\/a><\/h4><div class=\"lakit-posts__more-wrap lakit-btn-more-wrap\"><a href=\"https:\/\/materre.az\/az\/renessans-palace\/\" class=\"elementor-button lakit-posts__btn-more lakit-btn-more\" title=\"Renessans Palace\" rel=\"bookmark\"><span class=\"btn__text\">Daha \u0259trafl\u0131<\/span><\/a><\/div><\/div><\/div><\/div>\n    <\/div>\n<\/div><div class=\"lakit-posts__item has-post-thumbnail cpt-post swiper-slide\">\n    <div class=\"lakit-posts__outer-box\">\n        <div class=\"lakit-posts__inner-box\">            <div class=\"post-thumbnail lakit-posts__thumbnail\">\n                <a href=\"https:\/\/materre.az\/az\/ancora-residence-white-city\/\" class=\"lakit-posts__thumbnail-link\" aria-label=\"Read more about Ancora Residence &#8211; White City\"><img loading=\"lazy\" width=\"2560\" height=\"2560\" src=\"https:\/\/materre.az\/wp-content\/uploads\/2022\/09\/IMG_8540-scaled.jpg\" class=\"lakit-posts__thumbnail-img wp-post-image la-lazyload-image wp-post-image\" alt=\"\" decoding=\"async\" srcset=\"https:\/\/materre.az\/wp-content\/uploads\/2022\/09\/IMG_8540-scaled.jpg 2560w, https:\/\/materre.az\/wp-content\/uploads\/2022\/09\/IMG_8540-1536x1536.jpg 1536w, https:\/\/materre.az\/wp-content\/uploads\/2022\/09\/IMG_8540-2048x2048.jpg 2048w, https:\/\/materre.az\/wp-content\/uploads\/2022\/09\/IMG_8540-1320x1320.jpg 1320w\" sizes=\"(max-width: 2560px) 100vw, 2560px\" \/><\/a>\n                                \n                            <\/div>\n        <div class=\"lakit-posts__inner-content\"><div class=\"lakit-posts__inner-content-inner\"><h4 class=\"lakit-posts__title\"><a href=\"https:\/\/materre.az\/az\/ancora-residence-white-city\/\" title=\"Ancora Residence &#8211; White City\" rel=\"bookmark\">Ancora Residence &#8211; White City<\/a><\/h4><div class=\"lakit-posts__more-wrap lakit-btn-more-wrap\"><a href=\"https:\/\/materre.az\/az\/ancora-residence-white-city\/\" class=\"elementor-button lakit-posts__btn-more lakit-btn-more\" title=\"Ancora Residence &#8211; White City\" rel=\"bookmark\"><span class=\"btn__text\">Daha \u0259trafl\u0131<\/span><\/a><\/div><\/div><\/div><\/div>\n    <\/div>\n<\/div>            <\/div>\n        <\/div>\n    <\/div><div class=\"lakit-carousel__prev-arrow-2272212 lakit-arrow prev-arrow\"><svg xmlns=\"http:\/\/www.w3.org\/2000\/svg\" width=\"300\" height=\"300\" viewbox=\"0 0 300 300\" class=\"lakit-font-icon-svg\"><use xlink:href=\"#LaStudioIcons___arrow_left\"><\/use><\/svg><\/div><div class=\"lakit-carousel__next-arrow-2272212 lakit-arrow next-arrow\"><svg xmlns=\"http:\/\/www.w3.org\/2000\/svg\" width=\"300\" height=\"300\" viewbox=\"0 0 300 300\" class=\"lakit-font-icon-svg\"><use xlink:href=\"#LaStudioIcons___arrow_right\"><\/use><\/svg><\/div>\n    <\/div>\t\t<\/div>\n\t\t\t\t<\/div>\n\t\t\t\t\t<\/div>\n\t\t\t\t<\/div>\n\t\t\t\t\t\t\t<\/div>","protected":false},"excerpt":{"rendered":"<p>About Us WE FURNISH THE DREAMS The name \u201cMaterre\u201d comes from Latin, meaning \u201cMy Land\u201d. Materre is a local furniture manufacturer based in Azerbaijan.\u00a0 We take pride in the job we do, working with local artisans and craftsmen, constantly renovating and inventing new ways to approach furniture design in both residential&hellip;<\/p>","protected":false},"author":1,"featured_media":0,"parent":0,"menu_order":0,"comment_status":"closed","ping_status":"closed","template":"","meta":{"footnotes":""},"jetpack_sharing_enabled":true,"_links":{"self":[{"href":"https:\/\/materre.az\/az\/wp-json\/wp\/v2\/pages\/1633"}],"collection":[{"href":"https:\/\/materre.az\/az\/wp-json\/wp\/v2\/pages"}],"about":[{"href":"https:\/\/materre.az\/az\/wp-json\/wp\/v2\/types\/page"}],"author":[{"embeddable":true,"href":"https:\/\/materre.az\/az\/wp-json\/wp\/v2\/users\/1"}],"replies":[{"embeddable":true,"href":"https:\/\/materre.az\/az\/wp-json\/wp\/v2\/comments?post=1633"}],"version-history":[{"count":87,"href":"https:\/\/materre.az\/az\/wp-json\/wp\/v2\/pages\/1633\/revisions"}],"predecessor-version":[{"id":3679,"href":"https:\/\/materre.az\/az\/wp-json\/wp\/v2\/pages\/1633\/revisions\/3679"}],"wp:attachment":[{"href":"https:\/\/materre.az\/az\/wp-json\/wp\/v2\/media?parent=1633"}],"curies":[{"name":"wp","href":"https:\/\/api.w.org\/{rel}","templated":true}]}}